{"id":9213,"date":"2021-07-15T12:19:39","date_gmt":"2021-07-15T10:19:39","guid":{"rendered":"https:\/\/clairafrique.com\/?page_id=9213"},"modified":"2023-05-05T20:36:31","modified_gmt":"2023-05-05T18:36:31","slug":"formation","status":"publish","type":"page","link":"https:\/\/clairafrique.com\/index.php\/formation\/","title":{"rendered":"Formation"},"content":{"rendered":"\t\t<div data-elementor-type=\"wp-page\" data-elementor-id=\"9213\" class=\"elementor elementor-9213\" data-elementor-settings=\"[]\">\n\t\t\t\t\t\t\t<div class=\"elementor-section-wrap\">\n\t\t\t\t\t\t\t<section class=\"elementor-section elementor-top-section elementor-element elementor-element-10a0ec0a elementor-section-height-min-height elementor-section-boxed elementor-section-height-default elementor-section-items-middle\" data-id=\"10a0ec0a\" data-element_type=\"section\">\n\t\t\t\t\t\t<div class=\"elementor-container elementor-column-gap-wider\">\n\t\t\t\t\t<div class=\"elementor-column elementor-col-50 elementor-top-column elementor-element elementor-element-1ade46c4\" data-id=\"1ade46c4\" data-element_type=\"column\" data-settings=\"{&quot;background_background&quot;:&quot;classic&quot;}\">\n\t\t\t<div class=\"elementor-widget-wrap elementor-element-populated\">\n\t\t\t\t\t\t\t\t<div class=\"elementor-element elementor-element-b44f2b2 animated-slow elementor-invisible elementor-widget elementor-widget-image\" data-id=\"b44f2b2\" data-element_type=\"widget\" data-settings=\"{&quot;_animation&quot;:&quot;fadeIn&quot;}\" data-widget_type=\"image.default\">\n\t\t\t\t<div class=\"elementor-widget-container\">\n\t\t\t\t\t\t\t\t\t\t\t\t\t\t\t<img width=\"1024\" height=\"638\" src=\"https:\/\/i0.wp.com\/clairafrique.com\/wp-content\/uploads\/2021\/07\/pexels-photo-819807.jpeg?fit=1024%2C638&amp;ssl=1\" class=\"elementor-animation-grow attachment-large size-large\" alt=\"\" loading=\"lazy\" srcset=\"https:\/\/i0.wp.com\/clairafrique.com\/wp-content\/uploads\/2021\/07\/pexels-photo-819807.jpeg?w=1920&amp;ssl=1 1920w, https:\/\/i0.wp.com\/clairafrique.com\/wp-content\/uploads\/2021\/07\/pexels-photo-819807.jpeg?resize=300%2C187&amp;ssl=1 300w, https:\/\/i0.wp.com\/clairafrique.com\/wp-content\/uploads\/2021\/07\/pexels-photo-819807.jpeg?resize=1024%2C638&amp;ssl=1 1024w, https:\/\/i0.wp.com\/clairafrique.com\/wp-content\/uploads\/2021\/07\/pexels-photo-819807.jpeg?resize=768%2C479&amp;ssl=1 768w, https:\/\/i0.wp.com\/clairafrique.com\/wp-content\/uploads\/2021\/07\/pexels-photo-819807.jpeg?resize=1536%2C958&amp;ssl=1 1536w, https:\/\/i0.wp.com\/clairafrique.com\/wp-content\/uploads\/2021\/07\/pexels-photo-819807.jpeg?resize=504%2C314&amp;ssl=1 504w, https:\/\/i0.wp.com\/clairafrique.com\/wp-content\/uploads\/2021\/07\/pexels-photo-819807.jpeg?resize=64%2C40&amp;ssl=1 64w\" sizes=\"(max-width: 1024px) 100vw, 1024px\" \/>\t\t\t\t\t\t\t\t\t\t\t\t\t\t\t<\/div>\n\t\t\t\t<\/div>\n\t\t\t\t\t<\/div>\n\t\t<\/div>\n\t\t\t\t<div class=\"elementor-column elementor-col-50 elementor-top-column elementor-element elementor-element-5eb88d6\" data-id=\"5eb88d6\" data-element_type=\"column\">\n\t\t\t<div class=\"elementor-widget-wrap elementor-element-populated\">\n\t\t\t\t\t\t\t\t<div class=\"elementor-element elementor-element-1d9dd29c elementor-invisible elementor-widget elementor-widget-heading\" data-id=\"1d9dd29c\" data-element_type=\"widget\" data-settings=\"{&quot;_animation&quot;:&quot;fadeInUp&quot;,&quot;_animation_delay&quot;:300}\" data-widget_type=\"heading.default\">\n\t\t\t\t<div class=\"elementor-widget-container\">\n\t\t\t<h2 class=\"elementor-heading-title elementor-size-default\">Titre<\/h2>\t\t<\/div>\n\t\t\t\t<\/div>\n\t\t\t\t<div class=\"elementor-element elementor-element-25ae637d elementor-widget-divider--view-line elementor-invisible elementor-widget elementor-widget-divider\" data-id=\"25ae637d\" data-element_type=\"widget\" data-settings=\"{&quot;_animation&quot;:&quot;fadeInLeft&quot;,&quot;_animation_delay&quot;:400}\" data-widget_type=\"divider.default\">\n\t\t\t\t<div class=\"elementor-widget-container\">\n\t\t\t\t\t<div class=\"elementor-divider\">\n\t\t\t<span class=\"elementor-divider-separator\">\n\t\t\t\t\t\t<\/span>\n\t\t<\/div>\n\t\t\t\t<\/div>\n\t\t\t\t<\/div>\n\t\t\t\t<div class=\"elementor-element elementor-element-39644cfa elementor-invisible elementor-widget elementor-widget-text-editor\" data-id=\"39644cfa\" data-element_type=\"widget\" data-settings=\"{&quot;_animation&quot;:&quot;fadeInUp&quot;,&quot;_animation_delay&quot;:600}\" data-widget_type=\"text-editor.default\">\n\t\t\t\t<div class=\"elementor-widget-container\">\n\t\t\t\t\t\t\t<p>Lorem ipsum dolor sit amet, consectetur adipiscing elit. Ut elit tellus, luctus nec ullamcorper mattis, pulvinar dapibus leo.<\/p>\t\t\t\t\t\t<\/div>\n\t\t\t\t<\/div>\n\t\t\t\t\t<\/div>\n\t\t<\/div>\n\t\t\t\t\t\t\t<\/div>\n\t\t<\/section>\n\t\t\t\t\t\t<\/div>\n\t\t\t\t\t<\/div>\n\t\t","protected":false},"excerpt":{"rendered":"<p>L&#8217;aide \u00e0 la th\u00e8se est une excellente option pour les \u00e9tudiants qui travaillent sur leur th\u00e8se et ont besoin aide dissertation d&#8217;un peu d&#8217;aide suppl\u00e9mentaire. Ces services offrent une aide [&hellip;]<\/p>\n","protected":false},"author":1,"featured_media":0,"parent":0,"menu_order":0,"comment_status":"closed","ping_status":"closed","template":"","meta":{"spay_email":""},"jetpack-related-posts":[],"_links":{"self":[{"href":"https:\/\/clairafrique.com\/index.php\/wp-json\/wp\/v2\/pages\/9213"}],"collection":[{"href":"https:\/\/clairafrique.com\/index.php\/wp-json\/wp\/v2\/pages"}],"about":[{"href":"https:\/\/clairafrique.com\/index.php\/wp-json\/wp\/v2\/types\/page"}],"author":[{"embeddable":true,"href":"https:\/\/clairafrique.com\/index.php\/wp-json\/wp\/v2\/users\/1"}],"replies":[{"embeddable":true,"href":"https:\/\/clairafrique.com\/index.php\/wp-json\/wp\/v2\/comments?post=9213"}],"version-history":[{"count":0,"href":"https:\/\/clairafrique.com\/index.php\/wp-json\/wp\/v2\/pages\/9213\/revisions"}],"wp:attachment":[{"href":"https:\/\/clairafrique.com\/index.php\/wp-json\/wp\/v2\/media?parent=9213"}],"curies":[{"name":"wp","href":"https:\/\/api.w.org\/{rel}","templated":true}]}}